{"id":5368,"date":"2022-02-23T11:25:26","date_gmt":"2022-02-23T11:25:26","guid":{"rendered":"https:\/\/mundo.seashell.pt\/?post_type=product&#038;p=5368"},"modified":"2022-02-23T11:25:32","modified_gmt":"2022-02-23T11:25:32","slug":"pom-essence-500ml","status":"publish","type":"product","link":"https:\/\/mundo.seashell.pt\/?product=pom-essence-500ml","title":{"rendered":"Ess\u00eancia Desodorizante Pom Essence"},"content":{"rendered":"<h5>ESS\u00caNCIA DESODORIZANTE&nbsp;<\/h5>\n<h5><strong><br \/><\/strong><\/h5>\n<h5><strong>Efeito desodorizante de longa dura\u00e7\u00e3o (72 h)&nbsp;<\/strong><\/h5>\n<h5><strong>Fragr\u00e2ncia floral<br \/>\nAlta concentra\u00e7\u00e3o com lenta liberta\u00e7\u00e3o de<br \/>\nperfume<\/strong><\/h5>\n<h5><\/h5>\n<h5>Gra\u00e7as \u00e0 sua fragr\u00e2ncia &#8220;long lasting&#8221; e \u00e0 sua alta concentra\u00e7\u00e3o, deixa no ambiente um perfume persistente que elimina odores desagrad\u00e1veis. As fragr\u00e2ncias dispon\u00edveis s\u00e3o:<\/h5>\n<h4><\/h4>\n<figure style=\"max-width: 186px;\"><img loading=\"lazy\" decoding=\"async\" src=\"https:\/\/jumpseller.s3.eu-west-1.amazonaws.com\/store\/mundo-limpo\/assets\/Captura_de_ecra__2021-03-09__a_s_08.57.41.png\" data-image=\"qhjeya4jeypx\" width=\"186\" height=\"103\" style=\"width: 186px; max-width: 186px; height: 103px;\"><\/figure>\n<h2>Spring<\/h2>\n<figure style=\"float: right; width: 109px; max-width: 109px; margin-left: 10px; margin-right: 10px;\"><img loading=\"lazy\" decoding=\"async\" src=\"https:\/\/jumpseller.s3.eu-west-1.amazonaws.com\/store\/mundo-limpo\/assets\/Captura_de_ecra__2021-03-09__a_s_08.57.47.png\" width=\"109\" height=\"101\" data-image=\"tot6hqb4m6t1\"><\/figure>\n<p>&nbsp;Perfumes intensos e aveludados com notas florais frescas, tipicamente primaveris como espinheiro-branco, l\u00edrio do vale e variedade rosa ligeiramente frutada. Um ramo de flores harmoniosamente combinadas com notas finais persistentes de madeira e musgo.<\/p>\n<ul><\/ul>\n<ul><\/ul>\n<ul>\n<li><strong><\/strong><strong>Notas:<\/strong> Musgo, Violeta, Ylang-ylang, Espinheiro-branco<\/li>\n<li><strong>\u00d3leos essenciais:<\/strong> Cravo-da-\u00edndia<\/li>\n<li><strong>Tecnologia:<\/strong> \u201cMalodour Control\u201d contra odores de fumo\/cozinha\/casa de banho<\/li>\n<\/ul>\n<p><\/p>\n<figure style=\"max-width: 179px;\"><img loading=\"lazy\" decoding=\"async\" src=\"https:\/\/jumpseller.s3.eu-west-1.amazonaws.com\/store\/mundo-limpo\/assets\/Captura_de_ecra__2021-03-09__a_s_09.02.53.png\" data-image=\"vrvw1c37y6yr\" width=\"179\" height=\"98\" style=\"width: 179px; max-width: 179px; height: 98px;\"><\/figure>\n<h2>Summer<\/h2>\n<figure style=\"margin-left: 10px; margin-right: 10px; max-width: 101px; float: right; width: 101px;\"><img loading=\"lazy\" decoding=\"async\" src=\"https:\/\/jumpseller.s3.eu-west-1.amazonaws.com\/store\/mundo-limpo\/assets\/Captura_de_ecra__2021-03-09__a_s_09.03.03.png\" data-image=\"txwy3ffdr7b1\" width=\"101\" height=\"85\" style=\"width: 101px; max-width: 101px; height: 85px;\"><\/figure>\n<p>Sensa\u00e7\u00f5es doces e envolventes, t\u00edpicas da baunilha, caracterizam o aroma de ver\u00e3o Summer. Encontramos nas notas de topo, juntamente com elementos florais, e nas notas finais com musgo e l\u00e1udano. Notas frutadas e de \u00e2mbar, quentes e sensuais, est\u00e3o presentes no cora\u00e7\u00e3o da fragr\u00e2ncia.<\/p>\n<ul><\/ul>\n<ul>\n<li><strong>Notas:<\/strong> L\u00e1udano, Benjoim, Baunilha, Coco, P\u00eassego<\/li>\n<\/ul>\n<h4><\/h4>\n<figure style=\"max-width: 173px;\"><img loading=\"lazy\" decoding=\"async\" src=\"https:\/\/jumpseller.s3.eu-west-1.amazonaws.com\/store\/mundo-limpo\/assets\/Captura_de_ecra__2021-03-09__a_s_09.54.30.png\" data-image=\"mi81j7nrqzy6\" width=\"173\" height=\"90\" style=\"width: 173px; max-width: 173px; height: 90px;\"><\/figure>\n<h2>Autumn<\/h2>\n<figure style=\"max-width: 104px; float: right; width: 104px; margin-left: 10px; margin-right: 10px;\"><img loading=\"lazy\" decoding=\"async\" src=\"https:\/\/jumpseller.s3.eu-west-1.amazonaws.com\/store\/mundo-limpo\/assets\/Captura_de_ecra__2021-03-09__a_s_09.54.38.png\" data-image=\"f9df2n2hj9zz\" width=\"104\" height=\"104\" style=\"width: 104px; max-width: 104px; height: 104px;\"><\/figure>\n<p>Fragr\u00e2ncia viva e refrescante, como o ou tono, que abre com uma combina\u00e7\u00e3o energ\u00e9tica de bergamota, citrinos e notas marinhas, envoltos num elegante bouquet floral de ylang-ylang e jasmim. A base \u00e9 uma poderosa combina\u00e7\u00e3o de madeiras preciosas e notas de \u00e2mbar.<\/p>\n<ul>\n<li><strong>Notas: <\/strong>Patchouli, Ylang-Ylang, \u00c2mbar<\/li>\n<li><strong>\u00d3leos essenciais:<\/strong> Sim<\/li>\n<li><strong>Tecnologia:<\/strong> \u201cMalodour Control\u201d contra odores de fumo\/cozinha\/casa de banho<\/li>\n<\/ul>\n<figure style=\"max-width: 175px;\"><img loading=\"lazy\" decoding=\"async\" src=\"https:\/\/jumpseller.s3.eu-west-1.amazonaws.com\/store\/mundo-limpo\/assets\/Captura_de_ecra__2021-03-09__a_s_09.55.07.png\" data-image=\"7yhz6gjrd1me\" width=\"175\" height=\"96\" style=\"width: 175px; max-width: 175px; height: 96px;\"><\/figure>\n<h2>Winter<\/h2>\n<figure style=\"max-width: 100px; float: right; width: 100px; margin-left: 10px; margin-right: 10px;\"><img loading=\"lazy\" decoding=\"async\" src=\"https:\/\/jumpseller.s3.eu-west-1.amazonaws.com\/store\/mundo-limpo\/assets\/Captura_de_ecra__2021-03-09__a_s_09.55.12.png\" data-image=\"ons9kx207cx1\" width=\"100\" height=\"83\" style=\"width: 100px; max-width: 100px; height: 83px;\"><\/figure>\n<p>Uma fragr\u00e2ncia intensa e en\u00e9rgica com notas de topo como mentol e bagas de zimbro, notas interm\u00e9dias picantes como a canela e tomilho branco e para terminar notas de madeira de cedro e pachuli com nuances mais frutadas. Uma composi\u00e7\u00e3o agrad\u00e1vel e viva para um inverno cheio de magia.<\/p>\n<ul>\n<li><strong>Notas:<\/strong> Madeira de cedro, tomilho branco, bagas de zimbro<\/li>\n<li><strong>\u00d3leos essenciais:<\/strong> Madeira de cedro<\/li>\n<\/ul>\n<p><\/p>\n<figure style=\"max-width: 177px;\"><img loading=\"lazy\" decoding=\"async\" src=\"https:\/\/jumpseller.s3.eu-west-1.amazonaws.com\/store\/mundo-limpo\/assets\/Captura_de_ecra__2021-03-09__a_s_09.55.31.png\" data-image=\"d3upfhkgr7hk\" width=\"177\" height=\"92\" style=\"width: 177px; max-width: 177px; height: 92px;\"><\/figure>\n<h2>Off-Season<\/h2>\n<figure style=\"max-width: 102px; float: right; width: 102px; margin-left: 10px; margin-right: 10px;\"><img loading=\"lazy\" decoding=\"async\" src=\"https:\/\/jumpseller.s3.eu-west-1.amazonaws.com\/store\/mundo-limpo\/assets\/Captura_de_ecra__2021-03-09__a_s_09.55.38.png\" data-image=\"co308tbu4c9o\" width=\"102\" height=\"101\" style=\"width: 102px; max-width: 102px; height: 101px;\"><\/figure>\n<p>Sensa\u00e7\u00f5es Intensas e penetrantes distinguem a nova fragr\u00e2ncia da linha Pom. Notas c\u00edtricas e florais estimulantes, seguidas de notas de base de madeira como pachuli, cedro e s\u00e2ndalo, para uma agrad\u00e1vel persist\u00eancia com um efeito calmante e relaxante.<\/p>\n<ul><\/ul>\n<ul><\/ul>\n<ul>\n<li><strong>Notas:<\/strong> Madeira de S\u00e2ndalo, Iris, Rosa<\/li>\n<li><strong>\u00d3leos essenciais:<\/strong> Pachuli e Madeira de cedro<\/li>\n<\/ul>\n<p><\/p>\n<\/p>\n<h4>Dilui\u00e7\u00e3o<\/h4>\n<p>Pronto para o uso.<\/p>\n<h4>Como usar<\/h4>\n<p>1. Posicione o bico do pulverizador para ON.&nbsp;<\/p>\n<p>2. Pulverize para baixo pelo menos 2 ou 3 vezes para perfumar o ambiente (um maior n\u00famero de activa\u00e7\u00f5es corresponde a uma maior intensidade e persist\u00eancia do perfume), pulverizando pequenas quantidades nos cantos, recipientes do lixo, tapetes ou onde existam odores desagrad\u00e1veis.<\/p>\n","protected":false},"excerpt":{"rendered":"<p>Descri\u00e7\u00e3o<br \/>\nGra\u00e7as \u00e0 sua fragr\u00e2ncia &#8220;long lasting&#8221; e \u00e0 sua alta concentra\u00e7\u00e3o, deixa no ambiente um perfume persistente que elimina odores desagrad\u00e1veis. Perfumes intensos e aveludados com notas florais frescas, tipicamente primaveris como espinheiro-branco, l\u00edrio do vale e variedade rosa ligeiramente frutada. Um ramo de flores harmonio&#8230;<\/p>\n","protected":false},"featured_media":5369,"template":"","meta":{"spay_email":""},"product_cat":[15],"product_tag":[],"class_list":{"0":"post-5368","1":"product","2":"type-product","3":"status-publish","4":"has-post-thumbnail","6":"product_cat-sem-categoria","8":"first","9":"instock","10":"taxable","11":"shipping-taxable","12":"purchasable","13":"product-type-simple"},"acf":[],"jetpack-related-posts":[{"id":5372,"url":"https:\/\/mundo.seashell.pt\/?product=pom-nature-350ml","url_meta":{"origin":5368,"position":0},"title":"Desodorizante de Ambiente Pom Nature 350ml","date":"Fevereiro 23, 2022","format":false,"excerpt":"Desodorizante em trigger \u00e0 base de \u00e1gua com fragr\u00e2ncia \"long lasting\" que deixa no ambiente uma fragr\u00e2ncia persistente que elimina odores desagrad\u00e1veis.","rel":"","context":"Similar post","img":{"alt_text":"","src":"https:\/\/i0.wp.com\/mundo.seashell.pt\/wp-content\/uploads\/2022\/02\/Pom_nature.jpg?resize=350%2C200&ssl=1","width":350,"height":200},"classes":[]},{"id":5374,"url":"https:\/\/mundo.seashell.pt\/?product=pom-air-300ml","url_meta":{"origin":5368,"position":1},"title":"Desodorizante em Aerossol Pom Air 300ml","date":"Fevereiro 23, 2022","format":false,"excerpt":"Deixa no ambiente uma fragr\u00e2ncia persistente que elimina odores desagrad\u00e1veis.","rel":"","context":"Similar post","img":{"alt_text":"","src":"https:\/\/i0.wp.com\/mundo.seashell.pt\/wp-content\/uploads\/2022\/02\/Pom_air.jpg?resize=350%2C200&ssl=1","width":350,"height":200},"classes":[]},{"id":5968,"url":"https:\/\/mundo.seashell.pt\/?product=ambience-spring-1lt","url_meta":{"origin":5368,"position":2},"title":"Detergente Desodorizante Ambience","date":"Fevereiro 23, 2022","format":false,"excerpt":"Detergente para todas as superf\u00edcies lav\u00e1veis com efeito desodorizante \"long lasting.","rel":"","context":"Similar post","img":{"alt_text":"","src":"https:\/\/i0.wp.com\/mundo.seashell.pt\/wp-content\/uploads\/2022\/02\/pom_ambience_autumn.jpg?resize=350%2C200&ssl=1","width":350,"height":200},"classes":[]},{"id":5376,"url":"https:\/\/mundo.seashell.pt\/?product=pom-off-season-pearls-1lt","url_meta":{"origin":5368,"position":3},"title":"Pom Off-Season Pearls 1lt","date":"Fevereiro 23, 2022","format":false,"excerpt":"P\u00e9rolas em gel, perfumadas com aroma a frutas vermelhas. Deixa o ambiente agradavelmente perfumado.","rel":"","context":"Similar post","img":{"alt_text":"","src":"https:\/\/i0.wp.com\/mundo.seashell.pt\/wp-content\/uploads\/2022\/02\/off-season_pearls.jpg?resize=350%2C200&ssl=1","width":350,"height":200},"classes":[]},{"id":7022,"url":"https:\/\/mundo.seashell.pt\/?product=ambipur-absorve-odores-45-dias","url_meta":{"origin":5368,"position":4},"title":"Ambipur Absorve Odores 45 dias","date":"Fevereiro 23, 2022","format":false,"excerpt":"O primeiro ambientador n\u00e3o el\u00e9trico cont\u00ednuo, para a casa de banho, n\u00e3o s\u00f3 elimina os odores do ar como tamb\u00e9m evita que permane\u00e7am em superf\u00edcies macias, como toalhas, tapetes e cortinas de duche. Febreze Para Casa de Banho utiliza a sua tecnologia exclusiva Odour ClearTM, proporcionando uma frescura cont\u00ednua at\u00e9\u2026","rel":"","context":"Similar post","img":{"alt_text":"","src":"https:\/\/i0.wp.com\/mundo.seashell.pt\/wp-content\/uploads\/2022\/02\/AMBIPUR_CASA_BANHO_ALGODA_O_FRESCO_1UN_8006540194140.jpeg?resize=350%2C200&ssl=1","width":350,"height":200},"classes":[]},{"id":6848,"url":"https:\/\/mundo.seashell.pt\/?product=nivea-men-dry-impact-desodorizante-200ml","url_meta":{"origin":5368,"position":5},"title":"Nivea Men dry impact Desodorizante 200ml","date":"Fevereiro 23, 2022","format":false,"excerpt":"Experimente e avalie a qualidade dos produtos Nivea. Desde 1911 a cuidar de si!Descri\u00e7\u00e3o: Regula eficazmente a transpira\u00e7\u00e3o durante 48h, garantindo axilas agrad\u00e1velmente secas e cuidadas durante todo o dia: anti-transpirante que elimina o odor corporal. Com uma suave fragr\u00e2ncia masculina . Tipo de produto: Deso...","rel":"","context":"Similar post","img":{"alt_text":"","src":"https:\/\/i0.wp.com\/mundo.seashell.pt\/wp-content\/uploads\/2022\/02\/81605-07405-39_Spray_Dry_Men_Impact_200ml_4005808727186.png?resize=350%2C200&ssl=1","width":350,"height":200},"classes":[]}],"_links":{"self":[{"href":"https:\/\/mundo.seashell.pt\/index.php?rest_route=\/wp\/v2\/product\/5368","targetHints":{"allow":["GET"]}}],"collection":[{"href":"https:\/\/mundo.seashell.pt\/index.php?rest_route=\/wp\/v2\/product"}],"about":[{"href":"https:\/\/mundo.seashell.pt\/index.php?rest_route=\/wp\/v2\/types\/product"}],"wp:featuredmedia":[{"embeddable":true,"href":"https:\/\/mundo.seashell.pt\/index.php?rest_route=\/wp\/v2\/media\/5369"}],"wp:attachment":[{"href":"https:\/\/mundo.seashell.pt\/index.php?rest_route=%2Fwp%2Fv2%2Fmedia&parent=5368"}],"wp:term":[{"taxonomy":"product_cat","embeddable":true,"href":"https:\/\/mundo.seashell.pt\/index.php?rest_route=%2Fwp%2Fv2%2Fproduct_cat&post=5368"},{"taxonomy":"product_tag","embeddable":true,"href":"https:\/\/mundo.seashell.pt\/index.php?rest_route=%2Fwp%2Fv2%2Fproduct_tag&post=5368"}],"curies":[{"name":"wp","href":"https:\/\/api.w.org\/{rel}","templated":true}]}}