{"id":5364,"date":"2022-02-23T11:25:21","date_gmt":"2022-02-23T11:25:21","guid":{"rendered":"https:\/\/mundo.seashell.pt\/?post_type=product&#038;p=5364"},"modified":"2022-02-23T11:25:23","modified_gmt":"2022-02-23T11:25:23","slug":"ghibli-wirbel-as-2-mikros","status":"publish","type":"product","link":"https:\/\/mundo.seashell.pt\/?product=ghibli-wirbel-as-2-mikros","title":{"rendered":"Ghibli &#038; Wirbel AS 5 FT"},"content":{"rendered":"<p>A vers\u00e3o mais recente do modelo compacto, potente, econ\u00f3mico e pr\u00e1tico, que tem sido o ponto de refer\u00eancia nas pequenas dimens\u00f5es da aspira\u00e7\u00e3o profissional. Nova pega e sistemas de fixa\u00e7\u00e3o de acess\u00f3rios para garantir a m\u00e1xima facilidade de uso. Filtro de sa\u00edda de ar f\u00e1cil de remover e limpar. Possibilidade de conectar a uma escova el\u00e9ctrica. Equipado com protec\u00e7\u00e3o inferior anti-choques.<\/p>\n<\/p>\n<\/p>\n<table>\n<tbody>\n<tr>\n<td><strong>Voltagem<\/strong><\/td>\n<td>220-240V~ 50\/60Hz<\/td>\n<\/tr>\n<tr>\n<td><strong>Pot\u00eancia m\u00e1xima<\/strong><\/td>\n<td>1000 Watts<\/td>\n<\/tr>\n<tr>\n<td><strong>Pot\u00eancia nominal<\/strong><\/td>\n<td>800 Watts<\/td>\n<\/tr>\n<tr>\n<td><strong>Capacidade do dep\u00f3sito<\/strong><\/td>\n<td>14 litros<\/td>\n<\/tr>\n<tr>\n<td><strong>Capacidade \u00fatil<\/strong><\/td>\n<td>7 litros<\/td>\n<\/tr>\n<tr>\n<td><strong>Capacid<strong><\/strong>ade \u00fatil do Filtro de Papel<\/strong><\/td>\n<td>6 litros<\/td>\n<\/tr>\n<tr>\n<td><strong>Superf\u00edcie de filtragem<\/strong><\/td>\n<td>0,09 m2<\/td>\n<\/tr>\n<tr>\n<td><strong>Volume de ar aspirado<\/strong><\/td>\n<td>50 litros por segundo<\/td>\n<\/tr>\n<tr>\n<td><strong>V\u00e1cuo<\/strong><\/td>\n<td>210 mbar<\/td>\n<\/tr>\n<tr>\n<td>\n<p><strong>N\u00edvel de ru\u00eddo<\/strong><\/p>\n<\/td>\n<td>60 db(A)<\/td>\n<\/tr>\n<tr>\n<td><strong>Cabo el\u00e9trico<\/strong><\/td>\n<td>10 metros<\/td>\n<\/tr>\n<tr>\n<td><strong>Peso (sem acess\u00f3rios)<\/strong><\/td>\n<td>6 Kg<\/td>\n<\/tr>\n<tr>\n<td><strong>Dimens\u00f5es<\/strong><\/td>\n<td>350x350x430mm<\/td>\n<\/tr>\n<\/tbody>\n<\/table>\n","protected":false},"excerpt":{"rendered":"<p>A vers\u00e3o mais recente do modelo compacto, potente, econ\u00f3mico e pr\u00e1tico, que tem sido o ponto de refer\u00eancia nas pequenas dimens\u00f5es da aspira\u00e7\u00e3o profissional. Nova pega e sistemas de fixa\u00e7\u00e3o<\/p>\n","protected":false},"featured_media":5365,"template":"","meta":{"spay_email":""},"product_cat":[15],"product_tag":[],"class_list":{"0":"post-5364","1":"product","2":"type-product","3":"status-publish","4":"has-post-thumbnail","6":"product_cat-sem-categoria","8":"first","9":"instock","10":"taxable","11":"shipping-taxable","12":"purchasable","13":"product-type-simple"},"acf":[],"jetpack-related-posts":[{"id":5358,"url":"https:\/\/mundo.seashell.pt\/?product=ghibli-wirbel-power-d-80-2-p-2","url_meta":{"origin":5364,"position":0},"title":"Ghibli &#038; Wirbel Power D 80.2 P","date":"Fevereiro 23, 2022","format":false,"excerpt":"Potente e vers\u00e1til aspirador com dep\u00f3sito e filtro de grandes capacidade. Tubo telesc\u00f3pico e filtragem de ar de descarga.Indicador luminoso de filtro obstru\u00eddo. Com apoios para os acess\u00f3rios de uso comum. Tomada para escova el\u00e9ctrica. Excelente manobrabilidade garantida pelas rodas dianteiras pivotantes e pelas rodas traseiras fixas de gr...","rel":"","context":"Similar post","img":{"alt_text":"","src":"https:\/\/i0.wp.com\/mundo.seashell.pt\/wp-content\/uploads\/2022\/02\/POWER_D_80_2_P_1_PhotoRoom_20210404_115329.jpg?resize=350%2C200&ssl=1","width":350,"height":200},"classes":[]},{"id":5352,"url":"https:\/\/mundo.seashell.pt\/?product=ghibli-wirbel-power-d-12","url_meta":{"origin":5364,"position":1},"title":"Ghibli &#038; Wirbel Power D 12","date":"Fevereiro 23, 2022","format":false,"excerpt":"Potente e vers\u00e1til aspirador com dep\u00f3sito e filtro de grandes capacidade. Tubo telesc\u00f3pico e filtragem de ar de descarga.Indicador luminoso de filtro obstru\u00eddo. Com apoios para os acess\u00f3rios de uso comum. Tomada para escova el\u00e9ctrica. Excelente manobrabilidade garantida pelas rodas dianteiras pivotantes e pelas rodas traseiras fixas de gr...","rel":"","context":"Similar post","img":{"alt_text":"","src":"https:\/\/i0.wp.com\/mundo.seashell.pt\/wp-content\/uploads\/2022\/02\/power_d_12_he_PhotoRoom_20210404_115352.jpg?resize=350%2C200&ssl=1","width":350,"height":200},"classes":[]},{"id":5354,"url":"https:\/\/mundo.seashell.pt\/?product=ghibli-wirbel-power-d-12-1","url_meta":{"origin":5364,"position":2},"title":"Ghibli &#038; Wirbel Power D 12 HE","date":"Fevereiro 23, 2022","format":false,"excerpt":"Potente e vers\u00e1til aspirador com dep\u00f3sito e filtro de grandes capacidade. Tubo telesc\u00f3pico e filtragem de ar de descarga.Indicador luminoso de filtro obstru\u00eddo. Com apoios para os acess\u00f3rios de uso comum. Tomada para escova el\u00e9ctrica. Excelente manobrabilidade garantida pelas rodas dianteiras pivotantes e pelas rodas traseiras fixas de gr...","rel":"","context":"Similar post","img":{"alt_text":"","src":"https:\/\/i0.wp.com\/mundo.seashell.pt\/wp-content\/uploads\/2022\/02\/power_d_12_he_PhotoRoom_20210404_115352-1.jpg?resize=350%2C200&ssl=1","width":350,"height":200},"classes":[]},{"id":5356,"url":"https:\/\/mundo.seashell.pt\/?product=ghibli-wirbel-power-d-22-p","url_meta":{"origin":5364,"position":3},"title":"Ghibli &#038; Wirbel Power D 22 P","date":"Fevereiro 23, 2022","format":false,"excerpt":"Potente e vers\u00e1til aspirador com dep\u00f3sito e filtro de grandes capacidade. Tubo telesc\u00f3pico e filtragem de ar de descarga.Indicador luminoso de filtro obstru\u00eddo. Com apoios para os acess\u00f3rios de uso comum. Tomada para escova el\u00e9ctrica. Excelente manobrabilidade garantida pelas rodas dianteiras pivotantes e pelas rodas traseiras fixas de gr...","rel":"","context":"Similar post","img":{"alt_text":"","src":"https:\/\/i0.wp.com\/mundo.seashell.pt\/wp-content\/uploads\/2022\/02\/power_d_22_p_PhotoRoom_20210404_115334.jpg?resize=350%2C200&ssl=1","width":350,"height":200},"classes":[]},{"id":5360,"url":"https:\/\/mundo.seashell.pt\/?product=ghibli-wirbel-power-d-12-3","url_meta":{"origin":5364,"position":4},"title":"Ghibli &#038; Wirbel V10","date":"Fevereiro 23, 2022","format":false,"excerpt":"O pequeno aspirador profissional V10 \u00e9 uma excelente combina\u00e7\u00e3o de efic\u00e1cia, ergonomia, robustez e leveza que o tornam um aspirador altamente competitivo.F\u00e1cil utiliza\u00e7\u00e3o garantida pelas rodas girat\u00f3rias frontais e rodas traseiras de elevado di\u00e2metro. Pega ergon\u00f3mica e suportes de cabo e acess\u00f3rios para uma utiliza\u00e7\u00e3o mais pr\u00e1tica e r\u00e1pida.\u00a0Adequado para\u2026","rel":"","context":"Similar post","img":{"alt_text":"","src":"https:\/\/i0.wp.com\/mundo.seashell.pt\/wp-content\/uploads\/2022\/02\/V10.jpg?resize=350%2C200&ssl=1","width":350,"height":200},"classes":[]},{"id":5366,"url":"https:\/\/mundo.seashell.pt\/?product=ghibli-wirbel-as-5-ft","url_meta":{"origin":5364,"position":5},"title":"Ghibli &#038; Wirbel AS 10 P","date":"Fevereiro 23, 2022","format":false,"excerpt":"Cl\u00e1ssico e robusto, produto comprovado pelo tempo.\u00a0Possibilidade de conectar a uma escova el\u00e9ctrica. Equipado com protec\u00e7\u00e3o inferior anti-choques. Filtro HEPA opcional.\u00a0 Voltagem220-240V~ 50\/60HzPot\u00eancia m\u00e1xima1000 WattsPot\u00eancia nominal800 WattsCapacidade do dep\u00f3sito22 litrosCapacidade \u00fatil10 litrosCapacidade \u00fatil do Filtro de Papel7 litrosSuperf\u00edcie de filtragem0,11 m2Volume de ar aspirado53 litros por segundoV\u00e1cuo160 mbarN\u00edvel de ru\u00eddo60\u2026","rel":"","context":"Similar post","img":{"alt_text":"","src":"https:\/\/i0.wp.com\/mundo.seashell.pt\/wp-content\/uploads\/2022\/02\/As10_p.jpg?resize=350%2C200&ssl=1","width":350,"height":200},"classes":[]}],"_links":{"self":[{"href":"https:\/\/mundo.seashell.pt\/index.php?rest_route=\/wp\/v2\/product\/5364","targetHints":{"allow":["GET"]}}],"collection":[{"href":"https:\/\/mundo.seashell.pt\/index.php?rest_route=\/wp\/v2\/product"}],"about":[{"href":"https:\/\/mundo.seashell.pt\/index.php?rest_route=\/wp\/v2\/types\/product"}],"wp:featuredmedia":[{"embeddable":true,"href":"https:\/\/mundo.seashell.pt\/index.php?rest_route=\/wp\/v2\/media\/5365"}],"wp:attachment":[{"href":"https:\/\/mundo.seashell.pt\/index.php?rest_route=%2Fwp%2Fv2%2Fmedia&parent=5364"}],"wp:term":[{"taxonomy":"product_cat","embeddable":true,"href":"https:\/\/mundo.seashell.pt\/index.php?rest_route=%2Fwp%2Fv2%2Fproduct_cat&post=5364"},{"taxonomy":"product_tag","embeddable":true,"href":"https:\/\/mundo.seashell.pt\/index.php?rest_route=%2Fwp%2Fv2%2Fproduct_tag&post=5364"}],"curies":[{"name":"wp","href":"https:\/\/api.w.org\/{rel}","templated":true}]}}