{"id":5362,"date":"2022-02-23T11:25:19","date_gmt":"2022-02-23T11:25:19","guid":{"rendered":"https:\/\/mundo.seashell.pt\/?post_type=product&#038;p=5362"},"modified":"2022-02-23T11:25:21","modified_gmt":"2022-02-23T11:25:21","slug":"ghibli-wirbel-v10","status":"publish","type":"product","link":"https:\/\/mundo.seashell.pt\/?product=ghibli-wirbel-v10","title":{"rendered":"Ghibli &#038; Wirbel AS 2 Mikros"},"content":{"rendered":"<p>O AS 2&nbsp;\u00e9 o modelo de entrada de aspiradores profissionais. \u00c9 uma excelente combina\u00e7\u00e3o de pot\u00eancia, manobrabilidade, robustez e leveza que torna este modelo altamente competitivo. O uso do polipropileno e um novo sistema de redu\u00e7\u00e3o de ru\u00eddo, permitem que o aspirador seja ainda mais silencioso. O AS 2 \u00e9 fornecido com cabo e suporte para acess\u00f3rios.<\/p>\n<p><\/p>\n<\/p>\n<table>\n<tbody>\n<tr>\n<td><strong>Voltagem<\/strong><\/td>\n<td>220-240V~ 50\/60Hz<\/td>\n<\/tr>\n<tr>\n<td><strong>Pot\u00eancia m\u00e1xima<\/strong><\/td>\n<td>1000 Watts<\/td>\n<\/tr>\n<tr>\n<td><strong>Pot\u00eancia nominal<\/strong><\/td>\n<td>800 Watts<\/td>\n<\/tr>\n<tr>\n<td><strong>Capacidade do dep\u00f3sito<\/strong><\/td>\n<td>15 litros<\/td>\n<\/tr>\n<tr>\n<td><strong>Capacid<strong><\/strong>ade \u00fatil do Filtro de Papel<\/strong><\/td>\n<td>12 litros<\/td>\n<\/tr>\n<tr>\n<td><strong>Superf\u00edcie de filtragem<\/strong><\/td>\n<td>0,5 m2<\/td>\n<\/tr>\n<tr>\n<td><strong>Volume de ar aspirado<\/strong><\/td>\n<td>45 litros por segundo<\/td>\n<\/tr>\n<tr>\n<td><strong>V\u00e1cuo<\/strong><\/td>\n<td>230 mbar<\/td>\n<\/tr>\n<tr>\n<td>\n<p><strong>N\u00edvel de ru\u00eddo<\/strong><\/p>\n<\/td>\n<td>62 db(A)<\/td>\n<\/tr>\n<tr>\n<td><strong>Cabo el\u00e9trico<\/strong><\/td>\n<td>10 metros<\/td>\n<\/tr>\n<tr>\n<td><strong>Peso (sem acess\u00f3rios)<\/strong><\/td>\n<td>4,6 Kg<\/td>\n<\/tr>\n<tr>\n<td><strong>Dimens\u00f5es<\/strong><\/td>\n<td>390x340x290mm<\/td>\n<\/tr>\n<\/tbody>\n<\/table>\n","protected":false},"excerpt":{"rendered":"<p>O AS 2&nbsp;\u00e9 o modelo de entrada de aspiradores profissionais. \u00c9 uma excelente combina\u00e7\u00e3o de pot\u00eancia, manobrabilidade, robustez e leveza que torna este modelo altamente competitivo. O uso do polipropileno<\/p>\n","protected":false},"featured_media":5363,"template":"","meta":{"spay_email":""},"product_cat":[15],"product_tag":[],"class_list":{"0":"post-5362","1":"product","2":"type-product","3":"status-publish","4":"has-post-thumbnail","6":"product_cat-sem-categoria","8":"first","9":"instock","10":"taxable","11":"shipping-taxable","12":"purchasable","13":"product-type-simple"},"acf":[],"jetpack-related-posts":[{"id":5358,"url":"https:\/\/mundo.seashell.pt\/?product=ghibli-wirbel-power-d-80-2-p-2","url_meta":{"origin":5362,"position":0},"title":"Ghibli &#038; Wirbel Power D 80.2 P","date":"Fevereiro 23, 2022","format":false,"excerpt":"Potente e vers\u00e1til aspirador com dep\u00f3sito e filtro de grandes capacidade. Tubo telesc\u00f3pico e filtragem de ar de descarga.Indicador luminoso de filtro obstru\u00eddo. Com apoios para os acess\u00f3rios de uso comum. Tomada para escova el\u00e9ctrica. Excelente manobrabilidade garantida pelas rodas dianteiras pivotantes e pelas rodas traseiras fixas de gr...","rel":"","context":"Similar post","img":{"alt_text":"","src":"https:\/\/i0.wp.com\/mundo.seashell.pt\/wp-content\/uploads\/2022\/02\/POWER_D_80_2_P_1_PhotoRoom_20210404_115329.jpg?resize=350%2C200&ssl=1","width":350,"height":200},"classes":[]},{"id":5364,"url":"https:\/\/mundo.seashell.pt\/?product=ghibli-wirbel-as-2-mikros","url_meta":{"origin":5362,"position":1},"title":"Ghibli &#038; Wirbel AS 5 FT","date":"Fevereiro 23, 2022","format":false,"excerpt":"A vers\u00e3o mais recente do modelo compacto, potente, econ\u00f3mico e pr\u00e1tico, que tem sido o ponto de refer\u00eancia nas pequenas dimens\u00f5es da aspira\u00e7\u00e3o profissional. Nova pega e sistemas de fixa\u00e7\u00e3o de acess\u00f3rios para garantir a m\u00e1xima facilidade de uso. Filtro de sa\u00edda de ar f\u00e1cil de remover e limpar. Possibilidade\u2026","rel":"","context":"Similar post","img":{"alt_text":"","src":"https:\/\/i0.wp.com\/mundo.seashell.pt\/wp-content\/uploads\/2022\/02\/as_5_ft_PhotoRoom_20210404_115345.jpg?resize=350%2C200&ssl=1","width":350,"height":200},"classes":[]},{"id":6469,"url":"https:\/\/mundo.seashell.pt\/?product=vanish-animais-de-estimacao-06l","url_meta":{"origin":5362,"position":2},"title":"Vanish Animais de Estima\u00e7\u00e3o 600ml","date":"Fevereiro 23, 2022","format":false,"excerpt":"Vanish Pet Expert espuma de limpeza foi desenvolvido para remover sujidade e pelos de tapetes, carpetes e estofos. Al\u00e9m disso, tem um efeito refrescante e amaciador.Benef\u00edcios: - Elimina a sujidade provocada pelos animais de estima\u00e7\u00e3o \u00e0 1\u00aa utiliza\u00e7\u00e3o;- Remove 3x mais pelos e 5x mais lama e sujidade do que\u2026","rel":"","context":"Similar post","img":{"alt_text":"","src":"https:\/\/i0.wp.com\/mundo.seashell.pt\/wp-content\/uploads\/2022\/02\/Vanish_Pet_Expert_Espuma_x6_5410036301258.png?resize=350%2C200&ssl=1","width":350,"height":200},"classes":[]},{"id":5806,"url":"https:\/\/mundo.seashell.pt\/?product=solim-tapex-5l","url_meta":{"origin":5362,"position":3},"title":"Solim Tapex 5L","date":"Fevereiro 23, 2022","format":false,"excerpt":"Limpeza de alcatifas e estofos, uma combina\u00e7\u00e3o l\u00edquida de tensioactivos com espuma controlada, o que facilita a lavagem.","rel":"","context":"Similar post","img":{"alt_text":"","src":"https:\/\/i0.wp.com\/mundo.seashell.pt\/wp-content\/uploads\/2022\/02\/Solim_Tapex_PhotoRoom_20210402_103633.jpg?resize=350%2C200&ssl=1","width":350,"height":200},"classes":[]},{"id":5984,"url":"https:\/\/mundo.seashell.pt\/?product=linostripp-5lt","url_meta":{"origin":5362,"position":4},"title":"Decapante Linostripp 5Lt","date":"Fevereiro 23, 2022","format":false,"excerpt":"Decapante espec\u00edfico para lin\u00f3leo com um alto conte\u00fado de solventes hidrossol\u00favel para a remo\u00e7\u00e3o das camadas de cera acr\u00edlica metalizada.","rel":"","context":"Similar post","img":{"alt_text":"","src":"https:\/\/i0.wp.com\/mundo.seashell.pt\/wp-content\/uploads\/2022\/02\/linostripp.jpg?resize=350%2C200&ssl=1","width":350,"height":200},"classes":[]},{"id":6471,"url":"https:\/\/mundo.seashell.pt\/?product=vanish-powerfoam","url_meta":{"origin":5362,"position":5},"title":"Vanish Powerfoam 600ml","date":"Fevereiro 23, 2022","format":false,"excerpt":"Quando a sua carpete \u00e9 muito usada, come\u00e7a a ficar com um ar gasto e velho. Vanish Power foi especialmente desenhado para combater as n\u00f3doas de carpetes e acumula\u00e7\u00e3o de sujidade, especialmente em zonas de grande passagem em sua casa, como o hall ou as escadas. A espuma \u00e9 f\u00e1cil\u2026","rel":"","context":"Similar post","img":{"alt_text":"","src":"https:\/\/i0.wp.com\/mundo.seashell.pt\/wp-content\/uploads\/2022\/02\/Vanish_Powerfoam_x_6_5410036145227.png?resize=350%2C200&ssl=1","width":350,"height":200},"classes":[]}],"_links":{"self":[{"href":"https:\/\/mundo.seashell.pt\/index.php?rest_route=\/wp\/v2\/product\/5362","targetHints":{"allow":["GET"]}}],"collection":[{"href":"https:\/\/mundo.seashell.pt\/index.php?rest_route=\/wp\/v2\/product"}],"about":[{"href":"https:\/\/mundo.seashell.pt\/index.php?rest_route=\/wp\/v2\/types\/product"}],"wp:featuredmedia":[{"embeddable":true,"href":"https:\/\/mundo.seashell.pt\/index.php?rest_route=\/wp\/v2\/media\/5363"}],"wp:attachment":[{"href":"https:\/\/mundo.seashell.pt\/index.php?rest_route=%2Fwp%2Fv2%2Fmedia&parent=5362"}],"wp:term":[{"taxonomy":"product_cat","embeddable":true,"href":"https:\/\/mundo.seashell.pt\/index.php?rest_route=%2Fwp%2Fv2%2Fproduct_cat&post=5362"},{"taxonomy":"product_tag","embeddable":true,"href":"https:\/\/mundo.seashell.pt\/index.php?rest_route=%2Fwp%2Fv2%2Fproduct_tag&post=5362"}],"curies":[{"name":"wp","href":"https:\/\/api.w.org\/{rel}","templated":true}]}}