{"id":3854,"date":"2016-02-16T11:41:47","date_gmt":"2016-02-16T11:41:47","guid":{"rendered":"https:\/\/demo2.chethemes.com\/electro\/my-account\/"},"modified":"2016-02-16T11:41:47","modified_gmt":"2016-02-16T11:41:47","slug":"my-account","status":"publish","type":"page","link":"https:\/\/mundo.seashell.pt\/?page_id=3854","title":{"rendered":"My Account"},"content":{"rendered":"<div class=\"woocommerce\">\t\t<div class=\"customer-login-form\">\n\t\t<span class=\"or-text\">or<\/span><div class=\"woocommerce-notices-wrapper\"><\/div>\n\n<div class=\"u-columns col2-set\" id=\"customer_login\">\n\n\t<div class=\"u-column1 col-1\">\n\n\n\t\t<h2>Login<\/h2>\n\n\t\t<form class=\"woocommerce-form woocommerce-form-login login\" method=\"post\">\n\n\t\t\t\t\t<p class=\"before-login-text\">\n\t\t\tBem vindo(a)! Entre na sua conta.\t\t<\/p>\n\t\t\t<p class=\"woocommerce-form-row woocommerce-form-row--wide form-row form-row-wide\">\n\t\t\t\t<label for=\"username\">Username or email address&nbsp;<span class=\"required\">*<\/span><\/label>\n\t\t\t\t<input type=\"text\" class=\"woocommerce-Input woocommerce-Input--text input-text\" name=\"username\" id=\"username\" autocomplete=\"username\" value=\"\" \/>\t\t\t<\/p>\n\t\t\t<p class=\"woocommerce-form-row woocommerce-form-row--wide form-row form-row-wide\">\n\t\t\t\t<label for=\"password\">Password&nbsp;<span class=\"required\">*<\/span><\/label>\n\t\t\t\t<input class=\"woocommerce-Input woocommerce-Input--text input-text\" type=\"password\" name=\"password\" id=\"password\" autocomplete=\"current-password\" \/>\n\t\t\t<\/p>\n\n\t\t\t\n\t\t\t<p class=\"form-row\">\n\t\t\t\t<label class=\"woocommerce-form__label woocommerce-form__label-for-checkbox woocommerce-form-login__rememberme\">\n\t\t\t\t\t<input class=\"woocommerce-form__input woocommerce-form__input-checkbox\" name=\"rememberme\" type=\"checkbox\" id=\"rememberme\" value=\"forever\" \/> <span>Remember me<\/span>\n\t\t\t\t<\/label>\n\t\t\t\t<input type=\"hidden\" id=\"woocommerce-login-nonce\" name=\"woocommerce-login-nonce\" value=\"320f0ed07d\" \/><input type=\"hidden\" name=\"_wp_http_referer\" value=\"\/index.php?rest_route=%2Fwp%2Fv2%2Fpages%2F3854\" \/>\t\t\t\t<button type=\"submit\" class=\"woocommerce-button button woocommerce-form-login__submit wp-element-button\" name=\"login\" value=\"Log in\">Log in<\/button>\n\t\t\t<\/p>\n\t\t\t<p class=\"woocommerce-LostPassword lost_password\">\n\t\t\t\t<a href=\"https:\/\/mundo.seashell.pt\/?page_id=3854&#038;lost-password\">Lost your password?<\/a>\n\t\t\t<\/p>\n\n\t\t\t\n\t\t<\/form>\n\n\n\t<\/div>\n\n\t<div class=\"u-column2 col-2\">\n\n\t\t<h2>Register<\/h2>\n\n\t\t<form method=\"post\" class=\"woocommerce-form woocommerce-form-register register\"  >\n\n\t\t\t<p class=\"before-register-text\">\n\t\t\tRegiste-se hoje mesmo e beneficie de vantagens exclusivas e imbat\u00edveis.\r\n\t\t<\/p>\n\t\t\t\n\t\t\t<p class=\"woocommerce-form-row woocommerce-form-row--wide form-row form-row-wide\">\n\t\t\t\t<label for=\"reg_email\">Email address&nbsp;<span class=\"required\">*<\/span><\/label>\n\t\t\t\t<input type=\"email\" class=\"woocommerce-Input woocommerce-Input--text input-text\" name=\"email\" id=\"reg_email\" autocomplete=\"email\" value=\"\" \/>\t\t\t<\/p>\n\n\t\t\t\n\t\t\t\t<p>A link to set a new password will be sent to your email address.<\/p>\n\n\t\t\t\n\t\t\t<div class=\"woocommerce-privacy-policy-text\"><p>Os seus dados pessoais ser\u00e3o utilizados para melhorar a sua experi\u00eancia por toda a loja, para gerir o acesso \u00e0 sua conta e para os prop\u00f3sitos descritos na nossa <a href=\"https:\/\/mundo.seashell.pt\/?page_id=3\" class=\"woocommerce-privacy-policy-link\" target=\"_blank\">privacy policy<\/a>.<\/p>\n<\/div>\n\t\t\t<p class=\"woocommerce-form-row form-row\">\n\t\t\t\t<input type=\"hidden\" id=\"woocommerce-register-nonce\" name=\"woocommerce-register-nonce\" value=\"45a310cf59\" \/><input type=\"hidden\" name=\"_wp_http_referer\" value=\"\/index.php?rest_route=%2Fwp%2Fv2%2Fpages%2F3854\" \/>\t\t\t\t<button type=\"submit\" class=\"woocommerce-Button woocommerce-button button wp-element-button woocommerce-form-register__submit\" name=\"register\" value=\"Register\">Register<\/button>\n\t\t\t<\/p>\n\n\t\t\t<div class=\"register-benefits\">\n\t\t\t<h3>Registe-se e usufrua dos seguintes benef\u00edcios:<\/h3>\t\t\t<ul>\n\t\t\t\t\t\t\t\t<li>Finalizar encomendas mais r\u00e1pidamente<\/li>\n\t\t\t\t\t\t\t\t<li>Seguir as suas encomendas<\/li>\n\t\t\t\t\t\t\t\t<li>Manter um registo das suas encomendas anteriores<\/li>\n\t\t\t\t\t\t\t\t<li>Obter ofertas exclusivas<\/li>\n\t\t\t\t\t\t\t\t<li>Obter melhores pre\u00e7os<\/li>\n\t\t\t\t\t\t\t<\/ul>\n\t\t<\/div>\n\t\t<\/form>\n\n\t<\/div>\n\n<\/div>\n\n\t\t<\/div><!-- \/.customer-login-form -->\n\t\t<\/div>\n","protected":false},"excerpt":{"rendered":"or Login Bem vindo(a)! Entre na sua conta. Username or email address&nbsp;* Password&nbsp;* Remember me Log in Lost your password? Register Registe-se hoje mesmo e beneficie de vantagens exclusivas e","protected":false},"author":1,"featured_media":0,"parent":0,"menu_order":0,"comment_status":"closed","ping_status":"closed","template":"","meta":{"spay_email":"","footnotes":""},"class_list":["post-3854","page","type-page","status-publish","hentry"],"acf":[],"jetpack-related-posts":[{"id":2505,"url":"https:\/\/mundo.seashell.pt\/?page_id=2505","url_meta":{"origin":3854,"position":0},"title":"FAQ","date":"Mar\u00e7o 9, 2016","format":false,"excerpt":"[vc_row][vc_column][vc_custom_heading text=\"Shipping Information\" font_container=\"tag:h2|font_size:25px|text_align:left|color:%23434343\" google_fonts=\"font_family:Open%20Sans%3A300%2C300italic%2Cregular%2Citalic%2C600%2C600italic%2C700%2C700italic%2C800%2C800italic|font_style:400%20regular%3A400%3Anormal\" el_class=\"faq-page-title\"][\/vc_column][\/vc_row][vc_row el_class=\"inner-bottom-xs\"][vc_column width=\"1\/2\"][vc_column_text] What Shipping Methods Are Available? Lorem ipsum dolor sit amet, consectetur adipiscing elit. Phasellus sapien lorem, consectetur et turpis id, blandit interdum metus. Morbi sed ligula id elit mollis efficitur ut nec ligula. Proin erat magna, pellentesque at elementum at, eleifend a\u2026","rel":"","context":"Similar post","img":{"alt_text":"","src":"","width":0,"height":0},"classes":[]},{"id":2,"url":"https:\/\/mundo.seashell.pt\/?page_id=2","url_meta":{"origin":3854,"position":1},"title":"Sample Page","date":"Fevereiro 22, 2022","format":false,"excerpt":"This is an example page. It's different from a blog post because it will stay in one place and will show up in your site navigation (in most themes). Most people start with an About page that introduces them to potential site visitors. It might say something like this: Hi\u2026","rel":"","context":"Similar post","img":{"alt_text":"","src":"","width":0,"height":0},"classes":[]}],"_links":{"self":[{"href":"https:\/\/mundo.seashell.pt\/index.php?rest_route=\/wp\/v2\/pages\/3854","targetHints":{"allow":["GET"]}}],"collection":[{"href":"https:\/\/mundo.seashell.pt\/index.php?rest_route=\/wp\/v2\/pages"}],"about":[{"href":"https:\/\/mundo.seashell.pt\/index.php?rest_route=\/wp\/v2\/types\/page"}],"author":[{"embeddable":true,"href":"https:\/\/mundo.seashell.pt\/index.php?rest_route=\/wp\/v2\/users\/1"}],"replies":[{"embeddable":true,"href":"https:\/\/mundo.seashell.pt\/index.php?rest_route=%2Fwp%2Fv2%2Fcomments&post=3854"}],"version-history":[{"count":0,"href":"https:\/\/mundo.seashell.pt\/index.php?rest_route=\/wp\/v2\/pages\/3854\/revisions"}],"wp:attachment":[{"href":"https:\/\/mundo.seashell.pt\/index.php?rest_route=%2Fwp%2Fv2%2Fmedia&parent=3854"}],"curies":[{"name":"wp","href":"https:\/\/api.w.org\/{rel}","templated":true}]}}